{"id":68,"date":"2021-02-09T13:29:00","date_gmt":"2021-02-09T11:29:00","guid":{"rendered":"https:\/\/himoschalet.fi\/?page_id=68"},"modified":"2026-01-08T07:17:24","modified_gmt":"2026-01-08T07:17:24","slug":"chalet","status":"publish","type":"page","link":"https:\/\/slalom.himoschalet.fi\/","title":{"rendered":"Paritalohuoneisto Slalom 1"},"content":{"rendered":"\n<p>L\u00e4nsihuipun m\u00f6kkialueella sijaitseva paritalohuoneisto tarjoaa viihtyis\u00e4\u00e4 ja laadukasta majoitusta ymp\u00e4ri vuoden. Talvella L\u00e4nsi-Himoksen laskettelurinteet ja Himoksen hiihtoladut ovat k\u00e4velymatkan et\u00e4isyydell\u00e4. Kes\u00e4ll\u00e4 voit nauttia Himosvuoren kauniista luonnosta patikoiden ja maastopy\u00f6r\u00e4illen. Slalom 1 sijaitsee rauhallisella alueella, josta on kuitenkin Himoksen lomapalveluihin ja lukuisiin ravintoloihin sek\u00e4 golf-kentille lyhyt matka. Huoneisto toimii mainiona tukikohtana my\u00f6s kes\u00e4n festareille ja Areenan tapahtumille. <\/p>\n\n\n\n<p>Huoneistossa on 60 neli\u00f6t\u00e4 ja lis\u00e4ksi k\u00e4ytt\u00f6parvi n. 35 neli\u00f6t\u00e4. Slalom 1:st\u00e4 l\u00f6ytyy nukkumatilat 8 hengelle (7+1). Olohuone ja keitti\u00f6 ovat yhten\u00e4ist\u00e4 tilaa ja siell\u00e4 on takka tunnelmaa luomassa. Lis\u00e4ksi huvilassa on makuuhuone, jossa on parivuode. Yl\u00e4kerran matalassa parvitilassa on viisi erillist\u00e4 runkopatjaa sek\u00e4 yksi patja. Huoneistossa on s\u00e4hk\u00f6sauna ja kylpytiloissa suihku. M\u00f6kist\u00e4 l\u00f6ytyy erillinen wc. Viihtyis\u00e4lt\u00e4 terassilta l\u00f6ytyy ruokap\u00f6yt\u00e4 6 hengelle sek\u00e4 s\u00e4hk\u00f6grilli. Kuuden hengen ulkoporeallas on mahdollista saada k\u00e4ytt\u00f6\u00f6n lis\u00e4maksusta.<\/p>\n\n\n\n<p><strong>Keitti\u00f6n varusteisiin sis\u00e4ltyy<\/strong>: j\u00e4\u00e4kaappi-pakastin, liesi, astianpesukone, mikroaaltouuni, kahvinkeitin, vedenkeitin, leiv\u00e4npaahdin sek\u00e4 keitti\u00f6v\u00e4lineet ja astiasto 8 hengelle. <\/p>\n\n\n\n<p><strong>Muu varustus:<\/strong> tyynyt ja peitot, siivousv\u00e4lineet, vaatteiden kuivauskaappi, 2 x TV, Chromecast, JBL-bilekaiutin ja mikrofoni, JuomaCooler, PlayStation3, internet-yhteys, s\u00e4hk\u00f6grilli (k\u00e4yt\u00f6ss\u00e4 vain kes\u00e4- ja syysaikaan), takka (+polttopuut), sauna, suihku, wc, ilmal\u00e4mp\u00f6pumppu ja auton l\u00e4mmityspistoketolppa pihassa.<\/p>\n\n\n\n<p><strong>Huom. <\/strong>Kylpy- ja k\u00e4sipyyhkeet, keitti\u00f6pyyhkeet ja -r\u00e4tit sek\u00e4 lakanat pit\u00e4\u00e4 vuokralaisen tuoda itse mukanaan. Tarvittaessa liinavaatteet voi vuokrata Himos Centerist\u00e4.<\/p>\n\n\n\n<p>Huoneistossa on valmiina aloituspakkaukset wc- ja talouspaperia, leivinpaperia ja astianpesukoneen pesutabletteja sek\u00e4 k\u00e4sitiskiainetta, tiskiharja, k\u00e4sisaippuaa, roskapusseja ja kertak\u00e4ytt\u00f6pefletit saunaan. <\/p>\n\n\n\n<p><strong>HUOMIOITAVAA:<\/strong><\/p>\n\n\n\n<p>Lemmikit ja tupakointi sis\u00e4tiloissa eiv\u00e4t ole sallittuja t\u00e4ss\u00e4 huoneistossa.<br>Majoitushinta ei sis\u00e4ll\u00e4 liinavaatteita (lakanoita ja pyyhkeit\u00e4).<br>L\u00e4ht\u00f6siivousmaksu sis\u00e4ltyy hintaan (l\u00e4ht\u00f6siivous pakollinen).<\/p>\n\n\n\n<p>Kohteeseen on asennettu tallentava turvakamera kuvaamaan sis\u00e4\u00e4nk\u00e4ynti\u00e4 ulkopuolelta. Tallennetta katsotaan vain mik\u00e4li ep\u00e4ill\u00e4\u00e4n rikosta.<\/p>\n\n\n\n<p>Kysy my\u00f6s mahdollisuutta vuokrata m\u00f6kin toinenkin puoli Slalom 2. T\u00e4ll\u00f6in huoneistoihin on mahdollista majoittua jopa 16 hengen seurue.<\/p>\n\n\n\n<p>Loma-aktiviteetit kuten moottorikelkat, maastopy\u00f6r\u00e4t ja m\u00f6nkij\u00e4t voi vuokrata Himos Centerist\u00e4.<\/p>\n\n\n\n<p>Himoksen vuokraamosta saa vuokralle mm. lasketteluv\u00e4lineit\u00e4, maastohiihtosettej\u00e4 ja lumikenki\u00e4. <\/p>\n\n\n\n<p><\/p>\n\n\n\n<p><strong>ET\u00c4ISYYDET:<\/strong><\/p>\n\n\n\n<p>Himos Center vastaanotto 2,0 km<br>Willi L\u00e4nsi -huvikeskus 1,9 km<br>Break Sokos Hotel Himos 1,6 km<br>Himos Ravintolat\/Himos Hotelli 2,2 km<br>Himos Areena 2,2 km<br>Himos Kauppa 2,0 km<br>L\u00e4nsi-Rinteet 0,2 km<br>Pohjois-Rinteet 4,0 km<br>Golf 2,0 km<\/p>\n","protected":false},"excerpt":{"rendered":"<p>L\u00e4nsihuipun m\u00f6kkialueella sijaitseva paritalohuoneisto tarjoaa viihtyis\u00e4\u00e4 ja laadukasta majoitusta ymp\u00e4ri vuoden. Talvella L\u00e4nsi-Himoksen laskettelurinteet ja Himoksen hiihtoladut ovat k\u00e4velymatkan et\u00e4isyydell\u00e4. Kes\u00e4ll\u00e4 voit nauttia Himosvuoren kauniista luonnosta patikoiden ja maastopy\u00f6r\u00e4illen. Slalom 1 sijaitsee rauhallisella alueella, josta on kuitenkin Himoksen lomapalveluihin ja lukuisiin ravintoloihin sek\u00e4 golf-kentille lyhyt matka. Huoneisto toimii mainiona tukikohtana my\u00f6s kes\u00e4n festareille ja Areenan &#8230; <a title=\"Paritalohuoneisto Slalom 1\" class=\"read-more\" href=\"https:\/\/slalom.himoschalet.fi\/\" aria-label=\"Lue lis\u00e4\u00e4 aiheesta Paritalohuoneisto Slalom 1\">Lue lis\u00e4\u00e4<\/a><\/p>\n","protected":false},"author":2,"featured_media":0,"parent":0,"menu_order":0,"comment_status":"closed","ping_status":"closed","template":"","meta":{"_monsterinsights_skip_tracking":false,"_monsterinsights_sitenote_active":false,"_monsterinsights_sitenote_note":"","_monsterinsights_sitenote_category":0,"_glsr_average":0,"_glsr_ranking":0,"_glsr_reviews":0,"two_page_speed":[],"footnotes":""},"class_list":["post-68","page","type-page","status-publish"],"aioseo_notices":[],"_links":{"self":[{"href":"https:\/\/slalom.himoschalet.fi\/index.php?rest_route=\/wp\/v2\/pages\/68","targetHints":{"allow":["GET"]}}],"collection":[{"href":"https:\/\/slalom.himoschalet.fi\/index.php?rest_route=\/wp\/v2\/pages"}],"about":[{"href":"https:\/\/slalom.himoschalet.fi\/index.php?rest_route=\/wp\/v2\/types\/page"}],"author":[{"embeddable":true,"href":"https:\/\/slalom.himoschalet.fi\/index.php?rest_route=\/wp\/v2\/users\/2"}],"replies":[{"embeddable":true,"href":"https:\/\/slalom.himoschalet.fi\/index.php?rest_route=%2Fwp%2Fv2%2Fcomments&post=68"}],"version-history":[{"count":16,"href":"https:\/\/slalom.himoschalet.fi\/index.php?rest_route=\/wp\/v2\/pages\/68\/revisions"}],"predecessor-version":[{"id":922,"href":"https:\/\/slalom.himoschalet.fi\/index.php?rest_route=\/wp\/v2\/pages\/68\/revisions\/922"}],"wp:attachment":[{"href":"https:\/\/slalom.himoschalet.fi\/index.php?rest_route=%2Fwp%2Fv2%2Fmedia&parent=68"}],"curies":[{"name":"wp","href":"https:\/\/api.w.org\/{rel}","templated":true}]}}