{"id":98,"date":"2021-02-10T17:08:06","date_gmt":"2021-02-10T15:08:06","guid":{"rendered":"https:\/\/himoschalet.fi\/?page_id=98"},"modified":"2025-07-06T18:04:08","modified_gmt":"2025-07-06T18:04:08","slug":"tarjoukset","status":"publish","type":"page","link":"https:\/\/slalom.himoschalet.fi\/?page_id=98","title":{"rendered":"Tarjoukset"},"content":{"rendered":"\n<p><strong>L\u00e4hiaikojen vapaat ajankohdat ja tarjoushinnat:<\/strong><\/p>\n\n\n\n<ul class=\"wp-block-list\">\n<li>Kysy arkip\u00e4iv\u00e4tarjous lomallesi!<\/li>\n<\/ul>\n\n\n\n<p><\/p>\n\n\n\n<ul class=\"wp-block-list\">\n<li>1.8.\u20133.8. <strong>varattu<\/strong><\/li>\n\n\n\n<li>8.8.\u201310.8. <strong>490\u20ac<\/strong><\/li>\n\n\n\n<li>15.8.\u201317.8. <strong>490\u20ac<\/strong><\/li>\n\n\n\n<li>22.8.\u201324.8. <strong>490\u20ac<\/strong><\/li>\n\n\n\n<li>29.8.\u201331.8. <strong>490\u20ac<\/strong><\/li>\n\n\n\n<li>5.9.\u20137.9. <strong>490\u20ac<\/strong><\/li>\n\n\n\n<li>12.9.\u201314.9. <strong>390\u20ac<\/strong><\/li>\n\n\n\n<li>19.9.\u201321.9. <strong>390\u20ac<\/strong><\/li>\n\n\n\n<li>26.9.\u201328.9. <strong>390\u20ac<\/strong><\/li>\n\n\n\n<li>3.10.\u20135.10. <strong>390\u20ac<\/strong><\/li>\n\n\n\n<li>10.10.\u201312.10. <strong>390\u20ac<\/strong><\/li>\n\n\n\n<li>17.10.\u201319.10. <strong>390\u20ac<\/strong><\/li>\n\n\n\n<li>24.10.\u201326.10. <strong>390\u20ac<\/strong><\/li>\n\n\n\n<li>31.10.\u20132.11. <strong>390\u20ac<\/strong><\/li>\n\n\n\n<li>7.11.\u20139.11. <strong>390\u20ac<\/strong><\/li>\n\n\n\n<li>14.11.\u201316.11. <strong>390\u20ac<\/strong><\/li>\n\n\n\n<li>21.11.\u201323.11. <strong>390\u20ac<\/strong><\/li>\n\n\n\n<li>28.11.\u201330.11. <strong>390\u20ac<\/strong><\/li>\n\n\n\n<li>5.12.\u20137.12.<strong> 490\u20ac<\/strong><\/li>\n\n\n\n<li>12.12.\u201314.12. <strong>490\u20ac<\/strong><\/li>\n\n\n\n<li>19.12.\u201321.12. <strong>490\u20ac<\/strong><\/li>\n\n\n\n<li>joulu 23.-26.12. <strong>840\u20ac<\/strong><\/li>\n\n\n\n<li>26.12.\u201328.12. <strong>490\u20ac<\/strong><\/li>\n\n\n\n<li>uusi vuosi 30.12.-2.1. <strong>1400\u20ac<\/strong><\/li>\n\n\n\n<li>2.1.\u20134.1. <strong>490\u20ac<\/strong><\/li>\n\n\n\n<li>9.1.\u201311.1. <strong>490\u20ac<\/strong><\/li>\n\n\n\n<li>16.1.\u201318.1. <strong>490\u20ac<\/strong><\/li>\n\n\n\n<li>23.1.\u201325.1. <strong>490\u20ac<\/strong><\/li>\n\n\n\n<li>30.1.\u20131.2. <strong>490\u20ac<\/strong><\/li>\n\n\n\n<li>6.2.\u20138.2. <strong>490\u20ac<\/strong><\/li>\n\n\n\n<li>13.2.\u201315.2. <strong>640\u20ac<\/strong><\/li>\n\n\n\n<li>20.2.\u201322.2. <strong>640\u20ac<\/strong><\/li>\n\n\n\n<li>27.2.\u20131.3. <strong>640\u20ac<\/strong><\/li>\n\n\n\n<li>6.3.\u20138.3. <strong>640\u20ac<\/strong><\/li>\n\n\n\n<li>13.3.\u201315.3. <strong>640\u20ac<\/strong><\/li>\n\n\n\n<li>20.3.\u201322.3. <strong>640\u20ac<\/strong><\/li>\n\n\n\n<li>27.3.\u201329.3. <strong>640\u20ac<\/strong><\/li>\n\n\n\n<li>p\u00e4\u00e4si\u00e4inen to-ma 2.4.\u20136.4. <strong>890\u20ac<\/strong><\/li>\n\n\n\n<li>10.4.\u201312.4. <strong>390\u20ac<\/strong><\/li>\n\n\n\n<li>17.4.\u201319.4. <strong>390\u20ac<\/strong><\/li>\n\n\n\n<li>24.4.\u201326.4. <strong>390\u20ac<\/strong><\/li>\n\n\n\n<li>1.5.\u20133.5.<strong> 390\u20ac<\/strong><\/li>\n\n\n\n<li>8.5.\u201310.5. <strong>390\u20ac<\/strong><\/li>\n\n\n\n<li>15.5.\u201317.5. <strong>390\u20ac<\/strong><\/li>\n\n\n\n<li>22.5.\u201324.5. <strong>390\u20ac<\/strong><\/li>\n\n\n\n<li>29.5.\u201331.5. <strong>490\u20ac<\/strong><\/li>\n\n\n\n<li>5.6.\u20137.6. <strong>490\u20ac<\/strong><\/li>\n\n\n\n<li>12.6.\u201314.6. <strong>490\u20ac<\/strong><\/li>\n\n\n\n<li>19.6.\u201321.6. Juhannus <strong>2300\u20ac<\/strong><\/li>\n\n\n\n<li>26.6.\u201328.6. Iskelm\u00e4 <strong>varattu<\/strong><\/li>\n\n\n\n<li>3.7.\u20135.7. Jys\u00e4ri <strong>1900\u20ac<\/strong><\/li>\n<\/ul>\n\n\n\n<ul class=\"wp-block-list\">\n<li>Hinnat sis\u00e4lt\u00e4v\u00e4t l\u00e4ht\u00f6siivouksen<\/li>\n\n\n\n<li>Ulkoporeallas <strong>165\u20ac\/vierailu<\/strong><\/li>\n\n\n\n<li>Kysy my\u00f6s muita ajankohtia<\/li>\n<\/ul>\n\n\n\n<p><\/p>\n\n\n\n<ul class=\"wp-block-list\">\n<li>Varaa majoitus Himoksen tapahtumiin (hinta sis. l\u00e4ht\u00f6siivous sek\u00e4 ulkoporealtaan k\u00e4yt\u00f6n)<\/li>\n\n\n\n<li>Vuoden 2025 festarit varattavissa (hinnat sis. siivous+poreallas)\n<ul class=\"wp-block-list\">\n<li>Secto Rally Finland 2025 <strong>varattu<\/strong><\/li>\n<\/ul>\n<\/li>\n<\/ul>\n\n\n\n<p>Vuoden 2026 festarit varattavissa (hinnat sis. siivous+poreallas)<\/p>\n\n\n\n<ul class=\"wp-block-list\">\n<li>19.6.\u201321.6. Juhannus <strong>2300\u20ac<\/strong><\/li>\n\n\n\n<li>26.6.\u201328.6. Iskelm\u00e4 <strong>varattu<\/strong><\/li>\n\n\n\n<li>3.7.\u20135.7. Jys\u00e4ri <strong>1900\u20ac<\/strong><\/li>\n<\/ul>\n\n\n\n<ul class=\"wp-block-list\">\n<li>Sesonkiaikoina erillinen hinnoittelu &#8211;&gt; Kysy tarjous<\/li>\n\n\n\n<li>Varauskalenteri on auki syksyyn 2025 asti.<\/li>\n<\/ul>\n\n\n\n<p><\/p>\n","protected":false},"excerpt":{"rendered":"<p>L\u00e4hiaikojen vapaat ajankohdat ja tarjoushinnat: Vuoden 2026 festarit varattavissa (hinnat sis. siivous+poreallas)<\/p>\n","protected":false},"author":2,"featured_media":0,"parent":0,"menu_order":0,"comment_status":"closed","ping_status":"closed","template":"","meta":{"_monsterinsights_skip_tracking":false,"_monsterinsights_sitenote_active":false,"_monsterinsights_sitenote_note":"","_monsterinsights_sitenote_category":0,"_glsr_average":0,"_glsr_ranking":0,"_glsr_reviews":0,"two_page_speed":[],"footnotes":""},"class_list":["post-98","page","type-page","status-publish"],"aioseo_notices":[],"_links":{"self":[{"href":"https:\/\/slalom.himoschalet.fi\/index.php?rest_route=\/wp\/v2\/pages\/98","targetHints":{"allow":["GET"]}}],"collection":[{"href":"https:\/\/slalom.himoschalet.fi\/index.php?rest_route=\/wp\/v2\/pages"}],"about":[{"href":"https:\/\/slalom.himoschalet.fi\/index.php?rest_route=\/wp\/v2\/types\/page"}],"author":[{"embeddable":true,"href":"https:\/\/slalom.himoschalet.fi\/index.php?rest_route=\/wp\/v2\/users\/2"}],"replies":[{"embeddable":true,"href":"https:\/\/slalom.himoschalet.fi\/index.php?rest_route=%2Fwp%2Fv2%2Fcomments&post=98"}],"version-history":[{"count":379,"href":"https:\/\/slalom.himoschalet.fi\/index.php?rest_route=\/wp\/v2\/pages\/98\/revisions"}],"predecessor-version":[{"id":879,"href":"https:\/\/slalom.himoschalet.fi\/index.php?rest_route=\/wp\/v2\/pages\/98\/revisions\/879"}],"wp:attachment":[{"href":"https:\/\/slalom.himoschalet.fi\/index.php?rest_route=%2Fwp%2Fv2%2Fmedia&parent=98"}],"curies":[{"name":"wp","href":"https:\/\/api.w.org\/{rel}","templated":true}]}}